{"id":31364,"date":"2025-04-15T08:20:44","date_gmt":"2025-04-15T08:20:44","guid":{"rendered":"https:\/\/lovelycosmetics.eu\/producto\/aceite-labial-floral-fantasy\/"},"modified":"2025-04-16T11:59:33","modified_gmt":"2025-04-16T11:59:33","slug":"aceite-labial-floral-fantasy","status":"publish","type":"product","link":"https:\/\/lovelycosmetics.eu\/pt-pt\/producto\/aceite-labial-floral-fantasy\/","title":{"rendered":"Aceite labial Floral Fantasy"},"content":{"rendered":"<h4>Modo de uso<\/h4>\n<p>Aplica os p\u00f3s bronzeadores nas \u00e1reas do rosto onde o sol bate com mais intensidade: na linha do cabelo, sobre o osso das ma\u00e7\u00e3s do rosto, no nariz e no queixo. Ap\u00f3s a aplica\u00e7\u00e3o, limpe o pincel e esfume bem os p\u00f3s para criar o efeito perfeito e fazer com que se funda com a sua pele.<\/p>\n<p><\/p>\n<h4>Ingredientes<\/h4>\n<p>Ethylhexyl Stearate, Polybutene, Tridecyl Trimellitate, Hydrogenated Polyisobutene, Silica Dimethyl Silylate, Parfum, Ethylene\/Propylene\/Styrene Copolymer, Tocopheryl Acetate, Butylene\/Ethylene\/Styrene Copolymer, Caprylyl Glycol, Glycine Soja Oil, Phenoxyethanol, Hexylene Glycol, Calcium Sodium Borosilicate, Silica, BHT, Jasminum Officinale Flower Extract, Paeonia Officinalis Flower Extract, Prunus Serrulata Flower Extract, Citrus Aurantium Amara Flower Extract, Lavandula Angustifolia Flower Extract, Sambucus Nigra Flower Extract, Tin Oxide, Tocopherol, Rosa Damascena Flower Oil, Helianthus Annuus Seed Oil, Limonene, Linalool, Carvone, Pinene, Terpineol, Beta-Caryophyllene, CI 77891.<\/p>\n","protected":false},"excerpt":{"rendered":"<p>Las parisinas adoran las soluciones multifuncionales que combinan simplicidad, efectividad y elegancia. Mademoiselle es un producto iluminador 3 en 1 que cumple con todas estas expectativas. Este producto \u00fanico funciona como bronceador, rubor y topper para ojos, ofreci\u00e9ndote todo lo que necesitas para resaltar tu brillo natural.<br \/>\n Su f\u00f3rmula aterciopelada con part\u00edculas plateadas brillantes esculpe el rostro, da un rubor saludable a las mejillas y proporciona un elegante brillo a los p\u00e1rpados.<br \/>\n Es el producto ideal para las mujeres que valoran la funcionalidad sin compromisos. Para un efecto a\u00fan m\u00e1s duradero, finaliza tu maquillaje con un spray fijador.<\/p>\n","protected":false},"featured_media":28941,"comment_status":"closed","ping_status":"closed","template":"","meta":[],"product_brand":[],"product_cat":[1168,1848],"product_tag":[1933,1850,1934],"class_list":{"0":"post-31364","1":"product","2":"type-product","3":"status-publish","4":"has-post-thumbnail","6":"product_cat-blusher-iluminador-bronzeador","7":"product_cat-moda-bonjour-beute-pt-pt","8":"product_tag-coloretes-iluminadores-bronceadores-pt-pt","9":"product_tag-moda-bonjour-beute-pt-pt","10":"product_tag-rostro-pt-pt","12":"first","13":"instock","14":"shipping-taxable","15":"purchasable","16":"product-type-variable"},"yoast_head":"<!-- This site is optimized with the Yoast SEO plugin v24.9 - https:\/\/yoast.com\/wordpress\/plugins\/seo\/ -->\n<title>Aceite labial Floral Fantasy - Lovely<\/title>\n<meta name=\"robots\" content=\"index, follow, max-snippet:-1, max-image-preview:large, max-video-preview:-1\" \/>\n<link rel=\"canonical\" href=\"https:\/\/lovelycosmetics.eu\/pt-pt\/producto\/aceite-labial-floral-fantasy\/\" \/>\n<meta property=\"og:locale\" content=\"pt_PT\" \/>\n<meta property=\"og:type\" content=\"article\" \/>\n<meta property=\"og:title\" content=\"Aceite labial Floral Fantasy - Lovely\" \/>\n<meta property=\"og:description\" content=\"Las parisinas adoran las soluciones multifuncionales que combinan simplicidad, efectividad y elegancia. Mademoiselle es un producto iluminador 3 en 1 que cumple con todas estas expectativas. Este producto \u00fanico funciona como bronceador, rubor y topper para ojos, ofreci\u00e9ndote todo lo que necesitas para resaltar tu brillo natural. Su f\u00f3rmula aterciopelada con part\u00edculas plateadas brillantes esculpe el rostro, da un rubor saludable a las mejillas y proporciona un elegante brillo a los p\u00e1rpados. Es el producto ideal para las mujeres que valoran la funcionalidad sin compromisos. Para un efecto a\u00fan m\u00e1s duradero, finaliza tu maquillaje con un spray fijador.\" \/>\n<meta property=\"og:url\" content=\"https:\/\/lovelycosmetics.eu\/pt-pt\/producto\/aceite-labial-floral-fantasy\/\" \/>\n<meta property=\"og:site_name\" content=\"Lovely\" \/>\n<meta property=\"article:modified_time\" content=\"2025-04-16T11:59:33+00:00\" \/>\n<meta property=\"og:image\" content=\"https:\/\/lovelycosmetics.eu\/wp-content\/uploads\/2025\/04\/5905309907294_1.jpg\" \/>\n\t<meta property=\"og:image:width\" content=\"800\" \/>\n\t<meta property=\"og:image:height\" content=\"800\" \/>\n\t<meta property=\"og:image:type\" content=\"image\/jpeg\" \/>\n<meta name=\"twitter:card\" content=\"summary_large_image\" \/>\n<meta name=\"twitter:label1\" content=\"Tempo estimado de leitura\" \/>\n\t<meta name=\"twitter:data1\" content=\"1 minuto\" \/>\n<script type=\"application\/ld+json\" class=\"yoast-schema-graph\">{\"@context\":\"https:\/\/schema.org\",\"@graph\":[{\"@type\":\"WebPage\",\"@id\":\"https:\/\/lovelycosmetics.eu\/pt-pt\/producto\/aceite-labial-floral-fantasy\/\",\"url\":\"https:\/\/lovelycosmetics.eu\/pt-pt\/producto\/aceite-labial-floral-fantasy\/\",\"name\":\"Aceite labial Floral Fantasy - Lovely\",\"isPartOf\":{\"@id\":\"https:\/\/lovelycosmetics.eu\/pt-pt\/#website\"},\"primaryImageOfPage\":{\"@id\":\"https:\/\/lovelycosmetics.eu\/pt-pt\/producto\/aceite-labial-floral-fantasy\/#primaryimage\"},\"image\":{\"@id\":\"https:\/\/lovelycosmetics.eu\/pt-pt\/producto\/aceite-labial-floral-fantasy\/#primaryimage\"},\"thumbnailUrl\":\"https:\/\/lovelycosmetics.eu\/wp-content\/uploads\/2025\/04\/5905309907294_1.jpg\",\"datePublished\":\"2025-04-15T08:20:44+00:00\",\"dateModified\":\"2025-04-16T11:59:33+00:00\",\"breadcrumb\":{\"@id\":\"https:\/\/lovelycosmetics.eu\/pt-pt\/producto\/aceite-labial-floral-fantasy\/#breadcrumb\"},\"inLanguage\":\"pt-PT\",\"potentialAction\":[{\"@type\":\"ReadAction\",\"target\":[\"https:\/\/lovelycosmetics.eu\/pt-pt\/producto\/aceite-labial-floral-fantasy\/\"]}]},{\"@type\":\"ImageObject\",\"inLanguage\":\"pt-PT\",\"@id\":\"https:\/\/lovelycosmetics.eu\/pt-pt\/producto\/aceite-labial-floral-fantasy\/#primaryimage\",\"url\":\"https:\/\/lovelycosmetics.eu\/wp-content\/uploads\/2025\/04\/5905309907294_1.jpg\",\"contentUrl\":\"https:\/\/lovelycosmetics.eu\/wp-content\/uploads\/2025\/04\/5905309907294_1.jpg\",\"width\":800,\"height\":800},{\"@type\":\"BreadcrumbList\",\"@id\":\"https:\/\/lovelycosmetics.eu\/pt-pt\/producto\/aceite-labial-floral-fantasy\/#breadcrumb\",\"itemListElement\":[{\"@type\":\"ListItem\",\"position\":1,\"name\":\"Portada\",\"item\":\"https:\/\/lovelycosmetics.eu\/pt-pt\/\"},{\"@type\":\"ListItem\",\"position\":2,\"name\":\"P\u00e1gina de inicio\",\"item\":\"https:\/\/lovelycosmetics.eu\/?page_id=16876\"},{\"@type\":\"ListItem\",\"position\":3,\"name\":\"Aceite labial Floral Fantasy\"}]},{\"@type\":\"WebSite\",\"@id\":\"https:\/\/lovelycosmetics.eu\/pt-pt\/#website\",\"url\":\"https:\/\/lovelycosmetics.eu\/pt-pt\/\",\"name\":\"Lovely\",\"description\":\"Lovely\",\"potentialAction\":[{\"@type\":\"SearchAction\",\"target\":{\"@type\":\"EntryPoint\",\"urlTemplate\":\"https:\/\/lovelycosmetics.eu\/pt-pt\/?s={search_term_string}\"},\"query-input\":{\"@type\":\"PropertyValueSpecification\",\"valueRequired\":true,\"valueName\":\"search_term_string\"}}],\"inLanguage\":\"pt-PT\"}]}<\/script>\n<!-- \/ Yoast SEO plugin. -->","yoast_head_json":{"title":"Aceite labial Floral Fantasy - Lovely","robots":{"index":"index","follow":"follow","max-snippet":"max-snippet:-1","max-image-preview":"max-image-preview:large","max-video-preview":"max-video-preview:-1"},"canonical":"https:\/\/lovelycosmetics.eu\/pt-pt\/producto\/aceite-labial-floral-fantasy\/","og_locale":"pt_PT","og_type":"article","og_title":"Aceite labial Floral Fantasy - Lovely","og_description":"Las parisinas adoran las soluciones multifuncionales que combinan simplicidad, efectividad y elegancia. Mademoiselle es un producto iluminador 3 en 1 que cumple con todas estas expectativas. Este producto \u00fanico funciona como bronceador, rubor y topper para ojos, ofreci\u00e9ndote todo lo que necesitas para resaltar tu brillo natural. Su f\u00f3rmula aterciopelada con part\u00edculas plateadas brillantes esculpe el rostro, da un rubor saludable a las mejillas y proporciona un elegante brillo a los p\u00e1rpados. Es el producto ideal para las mujeres que valoran la funcionalidad sin compromisos. Para un efecto a\u00fan m\u00e1s duradero, finaliza tu maquillaje con un spray fijador.","og_url":"https:\/\/lovelycosmetics.eu\/pt-pt\/producto\/aceite-labial-floral-fantasy\/","og_site_name":"Lovely","article_modified_time":"2025-04-16T11:59:33+00:00","og_image":[{"width":800,"height":800,"url":"https:\/\/lovelycosmetics.eu\/wp-content\/uploads\/2025\/04\/5905309907294_1.jpg","type":"image\/jpeg"}],"twitter_card":"summary_large_image","twitter_misc":{"Tempo estimado de leitura":"1 minuto"},"schema":{"@context":"https:\/\/schema.org","@graph":[{"@type":"WebPage","@id":"https:\/\/lovelycosmetics.eu\/pt-pt\/producto\/aceite-labial-floral-fantasy\/","url":"https:\/\/lovelycosmetics.eu\/pt-pt\/producto\/aceite-labial-floral-fantasy\/","name":"Aceite labial Floral Fantasy - Lovely","isPartOf":{"@id":"https:\/\/lovelycosmetics.eu\/pt-pt\/#website"},"primaryImageOfPage":{"@id":"https:\/\/lovelycosmetics.eu\/pt-pt\/producto\/aceite-labial-floral-fantasy\/#primaryimage"},"image":{"@id":"https:\/\/lovelycosmetics.eu\/pt-pt\/producto\/aceite-labial-floral-fantasy\/#primaryimage"},"thumbnailUrl":"https:\/\/lovelycosmetics.eu\/wp-content\/uploads\/2025\/04\/5905309907294_1.jpg","datePublished":"2025-04-15T08:20:44+00:00","dateModified":"2025-04-16T11:59:33+00:00","breadcrumb":{"@id":"https:\/\/lovelycosmetics.eu\/pt-pt\/producto\/aceite-labial-floral-fantasy\/#breadcrumb"},"inLanguage":"pt-PT","potentialAction":[{"@type":"ReadAction","target":["https:\/\/lovelycosmetics.eu\/pt-pt\/producto\/aceite-labial-floral-fantasy\/"]}]},{"@type":"ImageObject","inLanguage":"pt-PT","@id":"https:\/\/lovelycosmetics.eu\/pt-pt\/producto\/aceite-labial-floral-fantasy\/#primaryimage","url":"https:\/\/lovelycosmetics.eu\/wp-content\/uploads\/2025\/04\/5905309907294_1.jpg","contentUrl":"https:\/\/lovelycosmetics.eu\/wp-content\/uploads\/2025\/04\/5905309907294_1.jpg","width":800,"height":800},{"@type":"BreadcrumbList","@id":"https:\/\/lovelycosmetics.eu\/pt-pt\/producto\/aceite-labial-floral-fantasy\/#breadcrumb","itemListElement":[{"@type":"ListItem","position":1,"name":"Portada","item":"https:\/\/lovelycosmetics.eu\/pt-pt\/"},{"@type":"ListItem","position":2,"name":"P\u00e1gina de inicio","item":"https:\/\/lovelycosmetics.eu\/?page_id=16876"},{"@type":"ListItem","position":3,"name":"Aceite labial Floral Fantasy"}]},{"@type":"WebSite","@id":"https:\/\/lovelycosmetics.eu\/pt-pt\/#website","url":"https:\/\/lovelycosmetics.eu\/pt-pt\/","name":"Lovely","description":"Lovely","potentialAction":[{"@type":"SearchAction","target":{"@type":"EntryPoint","urlTemplate":"https:\/\/lovelycosmetics.eu\/pt-pt\/?s={search_term_string}"},"query-input":{"@type":"PropertyValueSpecification","valueRequired":true,"valueName":"search_term_string"}}],"inLanguage":"pt-PT"}]}},"_links":{"self":[{"href":"https:\/\/lovelycosmetics.eu\/pt-pt\/wp-json\/wp\/v2\/product\/31364","targetHints":{"allow":["GET"]}}],"collection":[{"href":"https:\/\/lovelycosmetics.eu\/pt-pt\/wp-json\/wp\/v2\/product"}],"about":[{"href":"https:\/\/lovelycosmetics.eu\/pt-pt\/wp-json\/wp\/v2\/types\/product"}],"replies":[{"embeddable":true,"href":"https:\/\/lovelycosmetics.eu\/pt-pt\/wp-json\/wp\/v2\/comments?post=31364"}],"wp:featuredmedia":[{"embeddable":true,"href":"https:\/\/lovelycosmetics.eu\/pt-pt\/wp-json\/wp\/v2\/media\/28941"}],"wp:attachment":[{"href":"https:\/\/lovelycosmetics.eu\/pt-pt\/wp-json\/wp\/v2\/media?parent=31364"}],"wp:term":[{"taxonomy":"product_brand","embeddable":true,"href":"https:\/\/lovelycosmetics.eu\/pt-pt\/wp-json\/wp\/v2\/product_brand?post=31364"},{"taxonomy":"product_cat","embeddable":true,"href":"https:\/\/lovelycosmetics.eu\/pt-pt\/wp-json\/wp\/v2\/product_cat?post=31364"},{"taxonomy":"product_tag","embeddable":true,"href":"https:\/\/lovelycosmetics.eu\/pt-pt\/wp-json\/wp\/v2\/product_tag?post=31364"}],"curies":[{"name":"wp","href":"https:\/\/api.w.org\/{rel}","templated":true}]}}