{"id":31365,"date":"2025-04-15T08:20:43","date_gmt":"2025-04-15T08:20:43","guid":{"rendered":"https:\/\/lovelycosmetics.eu\/producto\/oh-la-la-2-in-1-eyeliner\/"},"modified":"2025-04-16T11:59:41","modified_gmt":"2025-04-16T11:59:41","slug":"oh-la-la-2-in-1-eyeliner","status":"publish","type":"product","link":"https:\/\/lovelycosmetics.eu\/pt-pt\/producto\/oh-la-la-2-in-1-eyeliner\/","title":{"rendered":"Oh l\u00e0 l\u00e0 2 in 1 Eyeliner"},"content":{"rendered":"<h4>Modo de uso<\/h4>\n<p>Desenhe um X no arco do cupido e, em seguida, contorne os cantos da boca. Trace a linha externa do l\u00e1bio inferior; com a boca relaxada e levemente aberta, conecte as linhas. Com um pincel para l\u00e1bios, esfume suavemente o delineador sobre os l\u00e1bios, preencha completamente ou use um batom correspondente.<\/p>\n<p>&nbsp;<\/p>\n<h4>Ingredientes<\/h4>\n<p>#Pencil (, indeks:)<\/p>\n","protected":false},"excerpt":{"rendered":"<p>Destaca tus labios con delicadeza y precisi\u00f3n, reflejando la elegancia parisina. Ch\u00e9rie es un l\u00e1piz labial con la suavidad ideal para definir perfectamente el contorno de tus labios, d\u00e1ndoles un toque de car\u00e1cter y encanto sutil.<br \/>\n Disponible en tres tonos nude universales, perfectos para crear un look natural. Comb\u00ednalo con tu brillo o labial favorito para lograr un efecto de labios voluminosos de forma natural que capturan todas las miradas.<br \/>\n Gracias a su f\u00f3rmula aterciopelada, la aplicaci\u00f3n es extremadamente c\u00f3moda, y la l\u00ednea se mantiene impecable durante horas. Ch\u00e9rie es un peque\u00f1o pero imprescindible detalle en tu neceser, que aporta un toque de sofisticaci\u00f3n parisina y confianza a tus labios.<\/p>\n","protected":false},"featured_media":29121,"comment_status":"closed","ping_status":"closed","template":"","meta":[],"product_brand":[],"product_cat":[1159,1848],"product_tag":[1865,1850,1908],"class_list":{"0":"post-31365","1":"product","2":"type-product","3":"status-publish","4":"has-post-thumbnail","6":"product_cat-lapis-de-labios","7":"product_cat-moda-bonjour-beute-pt-pt","8":"product_tag-labios-pt-pt","9":"product_tag-moda-bonjour-beute-pt-pt","10":"product_tag-perfilador-pt-pt","12":"first","13":"instock","14":"shipping-taxable","15":"purchasable","16":"product-type-variable"},"yoast_head":"<!-- This site is optimized with the Yoast SEO plugin v24.9 - https:\/\/yoast.com\/wordpress\/plugins\/seo\/ -->\n<title>Oh l\u00e0 l\u00e0 2 in 1 Eyeliner - Lovely<\/title>\n<meta name=\"robots\" content=\"index, follow, max-snippet:-1, max-image-preview:large, max-video-preview:-1\" \/>\n<link rel=\"canonical\" href=\"https:\/\/lovelycosmetics.eu\/pt-pt\/producto\/oh-la-la-2-in-1-eyeliner\/\" \/>\n<meta property=\"og:locale\" content=\"pt_PT\" \/>\n<meta property=\"og:type\" content=\"article\" \/>\n<meta property=\"og:title\" content=\"Oh l\u00e0 l\u00e0 2 in 1 Eyeliner - Lovely\" \/>\n<meta property=\"og:description\" content=\"Destaca tus labios con delicadeza y precisi\u00f3n, reflejando la elegancia parisina. Ch\u00e9rie es un l\u00e1piz labial con la suavidad ideal para definir perfectamente el contorno de tus labios, d\u00e1ndoles un toque de car\u00e1cter y encanto sutil. Disponible en tres tonos nude universales, perfectos para crear un look natural. Comb\u00ednalo con tu brillo o labial favorito para lograr un efecto de labios voluminosos de forma natural que capturan todas las miradas. Gracias a su f\u00f3rmula aterciopelada, la aplicaci\u00f3n es extremadamente c\u00f3moda, y la l\u00ednea se mantiene impecable durante horas. Ch\u00e9rie es un peque\u00f1o pero imprescindible detalle en tu neceser, que aporta un toque de sofisticaci\u00f3n parisina y confianza a tus labios.\" \/>\n<meta property=\"og:url\" content=\"https:\/\/lovelycosmetics.eu\/pt-pt\/producto\/oh-la-la-2-in-1-eyeliner\/\" \/>\n<meta property=\"og:site_name\" content=\"Lovely\" \/>\n<meta property=\"article:modified_time\" content=\"2025-04-16T11:59:41+00:00\" \/>\n<meta property=\"og:image\" content=\"https:\/\/lovelycosmetics.eu\/wp-content\/uploads\/2025\/04\/5905309914124_1.jpg\" \/>\n\t<meta property=\"og:image:width\" content=\"800\" \/>\n\t<meta property=\"og:image:height\" content=\"800\" \/>\n\t<meta property=\"og:image:type\" content=\"image\/jpeg\" \/>\n<meta name=\"twitter:card\" content=\"summary_large_image\" \/>\n<script type=\"application\/ld+json\" class=\"yoast-schema-graph\">{\"@context\":\"https:\/\/schema.org\",\"@graph\":[{\"@type\":\"WebPage\",\"@id\":\"https:\/\/lovelycosmetics.eu\/pt-pt\/producto\/oh-la-la-2-in-1-eyeliner\/\",\"url\":\"https:\/\/lovelycosmetics.eu\/pt-pt\/producto\/oh-la-la-2-in-1-eyeliner\/\",\"name\":\"Oh l\u00e0 l\u00e0 2 in 1 Eyeliner - Lovely\",\"isPartOf\":{\"@id\":\"https:\/\/lovelycosmetics.eu\/pt-pt\/#website\"},\"primaryImageOfPage\":{\"@id\":\"https:\/\/lovelycosmetics.eu\/pt-pt\/producto\/oh-la-la-2-in-1-eyeliner\/#primaryimage\"},\"image\":{\"@id\":\"https:\/\/lovelycosmetics.eu\/pt-pt\/producto\/oh-la-la-2-in-1-eyeliner\/#primaryimage\"},\"thumbnailUrl\":\"https:\/\/lovelycosmetics.eu\/wp-content\/uploads\/2025\/04\/5905309914124_1.jpg\",\"datePublished\":\"2025-04-15T08:20:43+00:00\",\"dateModified\":\"2025-04-16T11:59:41+00:00\",\"breadcrumb\":{\"@id\":\"https:\/\/lovelycosmetics.eu\/pt-pt\/producto\/oh-la-la-2-in-1-eyeliner\/#breadcrumb\"},\"inLanguage\":\"pt-PT\",\"potentialAction\":[{\"@type\":\"ReadAction\",\"target\":[\"https:\/\/lovelycosmetics.eu\/pt-pt\/producto\/oh-la-la-2-in-1-eyeliner\/\"]}]},{\"@type\":\"ImageObject\",\"inLanguage\":\"pt-PT\",\"@id\":\"https:\/\/lovelycosmetics.eu\/pt-pt\/producto\/oh-la-la-2-in-1-eyeliner\/#primaryimage\",\"url\":\"https:\/\/lovelycosmetics.eu\/wp-content\/uploads\/2025\/04\/5905309914124_1.jpg\",\"contentUrl\":\"https:\/\/lovelycosmetics.eu\/wp-content\/uploads\/2025\/04\/5905309914124_1.jpg\",\"width\":800,\"height\":800},{\"@type\":\"BreadcrumbList\",\"@id\":\"https:\/\/lovelycosmetics.eu\/pt-pt\/producto\/oh-la-la-2-in-1-eyeliner\/#breadcrumb\",\"itemListElement\":[{\"@type\":\"ListItem\",\"position\":1,\"name\":\"Portada\",\"item\":\"https:\/\/lovelycosmetics.eu\/pt-pt\/\"},{\"@type\":\"ListItem\",\"position\":2,\"name\":\"P\u00e1gina de inicio\",\"item\":\"https:\/\/lovelycosmetics.eu\/?page_id=16876\"},{\"@type\":\"ListItem\",\"position\":3,\"name\":\"Oh l\u00e0 l\u00e0 2 in 1 Eyeliner\"}]},{\"@type\":\"WebSite\",\"@id\":\"https:\/\/lovelycosmetics.eu\/pt-pt\/#website\",\"url\":\"https:\/\/lovelycosmetics.eu\/pt-pt\/\",\"name\":\"Lovely\",\"description\":\"Lovely\",\"potentialAction\":[{\"@type\":\"SearchAction\",\"target\":{\"@type\":\"EntryPoint\",\"urlTemplate\":\"https:\/\/lovelycosmetics.eu\/pt-pt\/?s={search_term_string}\"},\"query-input\":{\"@type\":\"PropertyValueSpecification\",\"valueRequired\":true,\"valueName\":\"search_term_string\"}}],\"inLanguage\":\"pt-PT\"}]}<\/script>\n<!-- \/ Yoast SEO plugin. -->","yoast_head_json":{"title":"Oh l\u00e0 l\u00e0 2 in 1 Eyeliner - Lovely","robots":{"index":"index","follow":"follow","max-snippet":"max-snippet:-1","max-image-preview":"max-image-preview:large","max-video-preview":"max-video-preview:-1"},"canonical":"https:\/\/lovelycosmetics.eu\/pt-pt\/producto\/oh-la-la-2-in-1-eyeliner\/","og_locale":"pt_PT","og_type":"article","og_title":"Oh l\u00e0 l\u00e0 2 in 1 Eyeliner - Lovely","og_description":"Destaca tus labios con delicadeza y precisi\u00f3n, reflejando la elegancia parisina. Ch\u00e9rie es un l\u00e1piz labial con la suavidad ideal para definir perfectamente el contorno de tus labios, d\u00e1ndoles un toque de car\u00e1cter y encanto sutil. Disponible en tres tonos nude universales, perfectos para crear un look natural. Comb\u00ednalo con tu brillo o labial favorito para lograr un efecto de labios voluminosos de forma natural que capturan todas las miradas. Gracias a su f\u00f3rmula aterciopelada, la aplicaci\u00f3n es extremadamente c\u00f3moda, y la l\u00ednea se mantiene impecable durante horas. Ch\u00e9rie es un peque\u00f1o pero imprescindible detalle en tu neceser, que aporta un toque de sofisticaci\u00f3n parisina y confianza a tus labios.","og_url":"https:\/\/lovelycosmetics.eu\/pt-pt\/producto\/oh-la-la-2-in-1-eyeliner\/","og_site_name":"Lovely","article_modified_time":"2025-04-16T11:59:41+00:00","og_image":[{"width":800,"height":800,"url":"https:\/\/lovelycosmetics.eu\/wp-content\/uploads\/2025\/04\/5905309914124_1.jpg","type":"image\/jpeg"}],"twitter_card":"summary_large_image","schema":{"@context":"https:\/\/schema.org","@graph":[{"@type":"WebPage","@id":"https:\/\/lovelycosmetics.eu\/pt-pt\/producto\/oh-la-la-2-in-1-eyeliner\/","url":"https:\/\/lovelycosmetics.eu\/pt-pt\/producto\/oh-la-la-2-in-1-eyeliner\/","name":"Oh l\u00e0 l\u00e0 2 in 1 Eyeliner - Lovely","isPartOf":{"@id":"https:\/\/lovelycosmetics.eu\/pt-pt\/#website"},"primaryImageOfPage":{"@id":"https:\/\/lovelycosmetics.eu\/pt-pt\/producto\/oh-la-la-2-in-1-eyeliner\/#primaryimage"},"image":{"@id":"https:\/\/lovelycosmetics.eu\/pt-pt\/producto\/oh-la-la-2-in-1-eyeliner\/#primaryimage"},"thumbnailUrl":"https:\/\/lovelycosmetics.eu\/wp-content\/uploads\/2025\/04\/5905309914124_1.jpg","datePublished":"2025-04-15T08:20:43+00:00","dateModified":"2025-04-16T11:59:41+00:00","breadcrumb":{"@id":"https:\/\/lovelycosmetics.eu\/pt-pt\/producto\/oh-la-la-2-in-1-eyeliner\/#breadcrumb"},"inLanguage":"pt-PT","potentialAction":[{"@type":"ReadAction","target":["https:\/\/lovelycosmetics.eu\/pt-pt\/producto\/oh-la-la-2-in-1-eyeliner\/"]}]},{"@type":"ImageObject","inLanguage":"pt-PT","@id":"https:\/\/lovelycosmetics.eu\/pt-pt\/producto\/oh-la-la-2-in-1-eyeliner\/#primaryimage","url":"https:\/\/lovelycosmetics.eu\/wp-content\/uploads\/2025\/04\/5905309914124_1.jpg","contentUrl":"https:\/\/lovelycosmetics.eu\/wp-content\/uploads\/2025\/04\/5905309914124_1.jpg","width":800,"height":800},{"@type":"BreadcrumbList","@id":"https:\/\/lovelycosmetics.eu\/pt-pt\/producto\/oh-la-la-2-in-1-eyeliner\/#breadcrumb","itemListElement":[{"@type":"ListItem","position":1,"name":"Portada","item":"https:\/\/lovelycosmetics.eu\/pt-pt\/"},{"@type":"ListItem","position":2,"name":"P\u00e1gina de inicio","item":"https:\/\/lovelycosmetics.eu\/?page_id=16876"},{"@type":"ListItem","position":3,"name":"Oh l\u00e0 l\u00e0 2 in 1 Eyeliner"}]},{"@type":"WebSite","@id":"https:\/\/lovelycosmetics.eu\/pt-pt\/#website","url":"https:\/\/lovelycosmetics.eu\/pt-pt\/","name":"Lovely","description":"Lovely","potentialAction":[{"@type":"SearchAction","target":{"@type":"EntryPoint","urlTemplate":"https:\/\/lovelycosmetics.eu\/pt-pt\/?s={search_term_string}"},"query-input":{"@type":"PropertyValueSpecification","valueRequired":true,"valueName":"search_term_string"}}],"inLanguage":"pt-PT"}]}},"_links":{"self":[{"href":"https:\/\/lovelycosmetics.eu\/pt-pt\/wp-json\/wp\/v2\/product\/31365","targetHints":{"allow":["GET"]}}],"collection":[{"href":"https:\/\/lovelycosmetics.eu\/pt-pt\/wp-json\/wp\/v2\/product"}],"about":[{"href":"https:\/\/lovelycosmetics.eu\/pt-pt\/wp-json\/wp\/v2\/types\/product"}],"replies":[{"embeddable":true,"href":"https:\/\/lovelycosmetics.eu\/pt-pt\/wp-json\/wp\/v2\/comments?post=31365"}],"wp:featuredmedia":[{"embeddable":true,"href":"https:\/\/lovelycosmetics.eu\/pt-pt\/wp-json\/wp\/v2\/media\/29121"}],"wp:attachment":[{"href":"https:\/\/lovelycosmetics.eu\/pt-pt\/wp-json\/wp\/v2\/media?parent=31365"}],"wp:term":[{"taxonomy":"product_brand","embeddable":true,"href":"https:\/\/lovelycosmetics.eu\/pt-pt\/wp-json\/wp\/v2\/product_brand?post=31365"},{"taxonomy":"product_cat","embeddable":true,"href":"https:\/\/lovelycosmetics.eu\/pt-pt\/wp-json\/wp\/v2\/product_cat?post=31365"},{"taxonomy":"product_tag","embeddable":true,"href":"https:\/\/lovelycosmetics.eu\/pt-pt\/wp-json\/wp\/v2\/product_tag?post=31365"}],"curies":[{"name":"wp","href":"https:\/\/api.w.org\/{rel}","templated":true}]}}