{"id":31371,"date":"2025-04-15T06:51:19","date_gmt":"2025-04-15T06:51:19","guid":{"rendered":"https:\/\/lovelycosmetics.eu\/producto\/lovely-iluminador-gold-goddes-n2\/"},"modified":"2025-04-16T11:41:43","modified_gmt":"2025-04-16T11:41:43","slug":"lovely-iluminador-gold-goddes-n2","status":"publish","type":"product","link":"https:\/\/lovelycosmetics.eu\/pt-pt\/producto\/lovely-iluminador-gold-goddes-n2\/","title":{"rendered":"Gold Goddes Illuminator"},"content":{"rendered":"<h4>Modo de utiliza\u00e7\u00e3o<\/h4>\n<p>Depois de ter a pele maquilhada e preparada, pegue num pouco de iluminador com um pincel e aplique-o mesmo por cima das ma\u00e7\u00e3s do rosto para real\u00e7ar as ma\u00e7\u00e3s do rosto, por baixo do arco da sobrancelha para levantar a p\u00e1lpebra e na zona lacrimal do olho para abrir o olhar. Tamb\u00e9m pode aplic\u00e1-lo no arco do cupido para aumentar visualmente os l\u00e1bios e no septo do nariz para o afinar.<\/p>\n<p>&nbsp;<\/p>\n<h4>Ingredientes<\/h4>\n<p>Mica, Calcium Sodium Borosilicate, Dimethicone, Magnesium Myristate, Silica, Caprylic\/Capric Triglyceride, Isononyl Isononanoate, Magnesium Aluminum Silicate, Triethoxycaprylylsilane, Phenoxyethanol, Hexylene Glycol, Caprylyl Glycol, Tin Oxide, CI 77891, CI 77491.<\/p>\n","protected":false},"excerpt":{"rendered":"<p>Belo iluminador cozido que d\u00e1 \u00e0 pele um brilho multidimensional. Gra\u00e7as \u00e0 sua f\u00f3rmula, funde-se perfeitamente com a pele, oferecendo um efeito natural e discreto. As suas finas part\u00edculas cintilam de forma espetacular sobre a pele, deixando-a perfeitamente iluminada. \u00c9 tamb\u00e9m ideal para dar um toque de variedade \u00e0 maquilhagem dos olhos ou para iluminar a zona sob as sobrancelhas.<\/p>\n","protected":false},"featured_media":31310,"comment_status":"closed","ping_status":"closed","template":"","meta":[],"product_brand":[],"product_cat":[1798,1478],"product_tag":[1933,1493,1934],"class_list":{"0":"post-31371","1":"product","2":"type-product","3":"status-publish","4":"has-post-thumbnail","6":"product_cat-coloretes-iluminadores-bronceadores-rostro-pt-pt","7":"product_cat-new-2-pt-pt","8":"product_tag-coloretes-iluminadores-bronceadores-pt-pt","9":"product_tag-new-pt-pt","10":"product_tag-rostro-pt-pt","12":"first","13":"instock","14":"shipping-taxable","15":"purchasable","16":"product-type-simple"},"yoast_head":"<!-- This site is optimized with the Yoast SEO plugin v24.9 - https:\/\/yoast.com\/wordpress\/plugins\/seo\/ -->\n<title>Gold Goddes Illuminator - Lovely<\/title>\n<meta name=\"robots\" content=\"index, follow, max-snippet:-1, max-image-preview:large, max-video-preview:-1\" \/>\n<link rel=\"canonical\" href=\"https:\/\/lovelycosmetics.eu\/pt-pt\/producto\/lovely-iluminador-gold-goddes-n2\/\" \/>\n<meta property=\"og:locale\" content=\"pt_PT\" \/>\n<meta property=\"og:type\" content=\"article\" \/>\n<meta property=\"og:title\" content=\"Gold Goddes Illuminator - Lovely\" \/>\n<meta property=\"og:description\" content=\"Belo iluminador cozido que d\u00e1 \u00e0 pele um brilho multidimensional. Gra\u00e7as \u00e0 sua f\u00f3rmula, funde-se perfeitamente com a pele, oferecendo um efeito natural e discreto. As suas finas part\u00edculas cintilam de forma espetacular sobre a pele, deixando-a perfeitamente iluminada. \u00c9 tamb\u00e9m ideal para dar um toque de variedade \u00e0 maquilhagem dos olhos ou para iluminar a zona sob as sobrancelhas.\" \/>\n<meta property=\"og:url\" content=\"https:\/\/lovelycosmetics.eu\/pt-pt\/producto\/lovely-iluminador-gold-goddes-n2\/\" \/>\n<meta property=\"og:site_name\" content=\"Lovely\" \/>\n<meta property=\"article:modified_time\" content=\"2025-04-16T11:41:43+00:00\" \/>\n<meta property=\"og:image\" content=\"https:\/\/lovelycosmetics.eu\/wp-content\/uploads\/2025\/04\/5901801671718_1b.jpg\" \/>\n\t<meta property=\"og:image:width\" content=\"800\" \/>\n\t<meta property=\"og:image:height\" content=\"800\" \/>\n\t<meta property=\"og:image:type\" content=\"image\/jpeg\" \/>\n<meta name=\"twitter:card\" content=\"summary_large_image\" \/>\n<meta name=\"twitter:label1\" content=\"Tempo estimado de leitura\" \/>\n\t<meta name=\"twitter:data1\" content=\"1 minuto\" \/>\n<script type=\"application\/ld+json\" class=\"yoast-schema-graph\">{\"@context\":\"https:\/\/schema.org\",\"@graph\":[{\"@type\":\"WebPage\",\"@id\":\"https:\/\/lovelycosmetics.eu\/pt-pt\/producto\/lovely-iluminador-gold-goddes-n2\/\",\"url\":\"https:\/\/lovelycosmetics.eu\/pt-pt\/producto\/lovely-iluminador-gold-goddes-n2\/\",\"name\":\"Gold Goddes Illuminator - Lovely\",\"isPartOf\":{\"@id\":\"https:\/\/lovelycosmetics.eu\/pt-pt\/#website\"},\"primaryImageOfPage\":{\"@id\":\"https:\/\/lovelycosmetics.eu\/pt-pt\/producto\/lovely-iluminador-gold-goddes-n2\/#primaryimage\"},\"image\":{\"@id\":\"https:\/\/lovelycosmetics.eu\/pt-pt\/producto\/lovely-iluminador-gold-goddes-n2\/#primaryimage\"},\"thumbnailUrl\":\"https:\/\/lovelycosmetics.eu\/wp-content\/uploads\/2025\/04\/5901801671718_1b.jpg\",\"datePublished\":\"2025-04-15T06:51:19+00:00\",\"dateModified\":\"2025-04-16T11:41:43+00:00\",\"breadcrumb\":{\"@id\":\"https:\/\/lovelycosmetics.eu\/pt-pt\/producto\/lovely-iluminador-gold-goddes-n2\/#breadcrumb\"},\"inLanguage\":\"pt-PT\",\"potentialAction\":[{\"@type\":\"ReadAction\",\"target\":[\"https:\/\/lovelycosmetics.eu\/pt-pt\/producto\/lovely-iluminador-gold-goddes-n2\/\"]}]},{\"@type\":\"ImageObject\",\"inLanguage\":\"pt-PT\",\"@id\":\"https:\/\/lovelycosmetics.eu\/pt-pt\/producto\/lovely-iluminador-gold-goddes-n2\/#primaryimage\",\"url\":\"https:\/\/lovelycosmetics.eu\/wp-content\/uploads\/2025\/04\/5901801671718_1b.jpg\",\"contentUrl\":\"https:\/\/lovelycosmetics.eu\/wp-content\/uploads\/2025\/04\/5901801671718_1b.jpg\",\"width\":800,\"height\":800,\"caption\":\"gold goddess\"},{\"@type\":\"BreadcrumbList\",\"@id\":\"https:\/\/lovelycosmetics.eu\/pt-pt\/producto\/lovely-iluminador-gold-goddes-n2\/#breadcrumb\",\"itemListElement\":[{\"@type\":\"ListItem\",\"position\":1,\"name\":\"Portada\",\"item\":\"https:\/\/lovelycosmetics.eu\/pt-pt\/\"},{\"@type\":\"ListItem\",\"position\":2,\"name\":\"P\u00e1gina de inicio\",\"item\":\"https:\/\/lovelycosmetics.eu\/?page_id=16876\"},{\"@type\":\"ListItem\",\"position\":3,\"name\":\"Gold Goddes Illuminator\"}]},{\"@type\":\"WebSite\",\"@id\":\"https:\/\/lovelycosmetics.eu\/pt-pt\/#website\",\"url\":\"https:\/\/lovelycosmetics.eu\/pt-pt\/\",\"name\":\"Lovely\",\"description\":\"Lovely\",\"potentialAction\":[{\"@type\":\"SearchAction\",\"target\":{\"@type\":\"EntryPoint\",\"urlTemplate\":\"https:\/\/lovelycosmetics.eu\/pt-pt\/?s={search_term_string}\"},\"query-input\":{\"@type\":\"PropertyValueSpecification\",\"valueRequired\":true,\"valueName\":\"search_term_string\"}}],\"inLanguage\":\"pt-PT\"}]}<\/script>\n<!-- \/ Yoast SEO plugin. -->","yoast_head_json":{"title":"Gold Goddes Illuminator - Lovely","robots":{"index":"index","follow":"follow","max-snippet":"max-snippet:-1","max-image-preview":"max-image-preview:large","max-video-preview":"max-video-preview:-1"},"canonical":"https:\/\/lovelycosmetics.eu\/pt-pt\/producto\/lovely-iluminador-gold-goddes-n2\/","og_locale":"pt_PT","og_type":"article","og_title":"Gold Goddes Illuminator - Lovely","og_description":"Belo iluminador cozido que d\u00e1 \u00e0 pele um brilho multidimensional. Gra\u00e7as \u00e0 sua f\u00f3rmula, funde-se perfeitamente com a pele, oferecendo um efeito natural e discreto. As suas finas part\u00edculas cintilam de forma espetacular sobre a pele, deixando-a perfeitamente iluminada. \u00c9 tamb\u00e9m ideal para dar um toque de variedade \u00e0 maquilhagem dos olhos ou para iluminar a zona sob as sobrancelhas.","og_url":"https:\/\/lovelycosmetics.eu\/pt-pt\/producto\/lovely-iluminador-gold-goddes-n2\/","og_site_name":"Lovely","article_modified_time":"2025-04-16T11:41:43+00:00","og_image":[{"width":800,"height":800,"url":"https:\/\/lovelycosmetics.eu\/wp-content\/uploads\/2025\/04\/5901801671718_1b.jpg","type":"image\/jpeg"}],"twitter_card":"summary_large_image","twitter_misc":{"Tempo estimado de leitura":"1 minuto"},"schema":{"@context":"https:\/\/schema.org","@graph":[{"@type":"WebPage","@id":"https:\/\/lovelycosmetics.eu\/pt-pt\/producto\/lovely-iluminador-gold-goddes-n2\/","url":"https:\/\/lovelycosmetics.eu\/pt-pt\/producto\/lovely-iluminador-gold-goddes-n2\/","name":"Gold Goddes Illuminator - Lovely","isPartOf":{"@id":"https:\/\/lovelycosmetics.eu\/pt-pt\/#website"},"primaryImageOfPage":{"@id":"https:\/\/lovelycosmetics.eu\/pt-pt\/producto\/lovely-iluminador-gold-goddes-n2\/#primaryimage"},"image":{"@id":"https:\/\/lovelycosmetics.eu\/pt-pt\/producto\/lovely-iluminador-gold-goddes-n2\/#primaryimage"},"thumbnailUrl":"https:\/\/lovelycosmetics.eu\/wp-content\/uploads\/2025\/04\/5901801671718_1b.jpg","datePublished":"2025-04-15T06:51:19+00:00","dateModified":"2025-04-16T11:41:43+00:00","breadcrumb":{"@id":"https:\/\/lovelycosmetics.eu\/pt-pt\/producto\/lovely-iluminador-gold-goddes-n2\/#breadcrumb"},"inLanguage":"pt-PT","potentialAction":[{"@type":"ReadAction","target":["https:\/\/lovelycosmetics.eu\/pt-pt\/producto\/lovely-iluminador-gold-goddes-n2\/"]}]},{"@type":"ImageObject","inLanguage":"pt-PT","@id":"https:\/\/lovelycosmetics.eu\/pt-pt\/producto\/lovely-iluminador-gold-goddes-n2\/#primaryimage","url":"https:\/\/lovelycosmetics.eu\/wp-content\/uploads\/2025\/04\/5901801671718_1b.jpg","contentUrl":"https:\/\/lovelycosmetics.eu\/wp-content\/uploads\/2025\/04\/5901801671718_1b.jpg","width":800,"height":800,"caption":"gold goddess"},{"@type":"BreadcrumbList","@id":"https:\/\/lovelycosmetics.eu\/pt-pt\/producto\/lovely-iluminador-gold-goddes-n2\/#breadcrumb","itemListElement":[{"@type":"ListItem","position":1,"name":"Portada","item":"https:\/\/lovelycosmetics.eu\/pt-pt\/"},{"@type":"ListItem","position":2,"name":"P\u00e1gina de inicio","item":"https:\/\/lovelycosmetics.eu\/?page_id=16876"},{"@type":"ListItem","position":3,"name":"Gold Goddes Illuminator"}]},{"@type":"WebSite","@id":"https:\/\/lovelycosmetics.eu\/pt-pt\/#website","url":"https:\/\/lovelycosmetics.eu\/pt-pt\/","name":"Lovely","description":"Lovely","potentialAction":[{"@type":"SearchAction","target":{"@type":"EntryPoint","urlTemplate":"https:\/\/lovelycosmetics.eu\/pt-pt\/?s={search_term_string}"},"query-input":{"@type":"PropertyValueSpecification","valueRequired":true,"valueName":"search_term_string"}}],"inLanguage":"pt-PT"}]}},"_links":{"self":[{"href":"https:\/\/lovelycosmetics.eu\/pt-pt\/wp-json\/wp\/v2\/product\/31371","targetHints":{"allow":["GET"]}}],"collection":[{"href":"https:\/\/lovelycosmetics.eu\/pt-pt\/wp-json\/wp\/v2\/product"}],"about":[{"href":"https:\/\/lovelycosmetics.eu\/pt-pt\/wp-json\/wp\/v2\/types\/product"}],"replies":[{"embeddable":true,"href":"https:\/\/lovelycosmetics.eu\/pt-pt\/wp-json\/wp\/v2\/comments?post=31371"}],"wp:featuredmedia":[{"embeddable":true,"href":"https:\/\/lovelycosmetics.eu\/pt-pt\/wp-json\/wp\/v2\/media\/31310"}],"wp:attachment":[{"href":"https:\/\/lovelycosmetics.eu\/pt-pt\/wp-json\/wp\/v2\/media?parent=31371"}],"wp:term":[{"taxonomy":"product_brand","embeddable":true,"href":"https:\/\/lovelycosmetics.eu\/pt-pt\/wp-json\/wp\/v2\/product_brand?post=31371"},{"taxonomy":"product_cat","embeddable":true,"href":"https:\/\/lovelycosmetics.eu\/pt-pt\/wp-json\/wp\/v2\/product_cat?post=31371"},{"taxonomy":"product_tag","embeddable":true,"href":"https:\/\/lovelycosmetics.eu\/pt-pt\/wp-json\/wp\/v2\/product_tag?post=31371"}],"curies":[{"name":"wp","href":"https:\/\/api.w.org\/{rel}","templated":true}]}}