{"id":31372,"date":"2025-04-15T06:51:19","date_gmt":"2025-04-15T06:51:19","guid":{"rendered":"https:\/\/lovelycosmetics.eu\/producto\/lovely-balsamo-labios-nectar-novel\/"},"modified":"2025-04-16T11:41:52","modified_gmt":"2025-04-16T11:41:52","slug":"lovely-balsamo-labios-nectar-novel","status":"publish","type":"product","link":"https:\/\/lovelycosmetics.eu\/pt-pt\/producto\/lovely-balsamo-labios-nectar-novel\/","title":{"rendered":"Nectar Novel lip balm"},"content":{"rendered":"<h4>Modo de utiliza\u00e7\u00e3o<\/h4>\n<p>Aplicar uniformemente nos l\u00e1bios secos e gretados. Repetir sempre que necess\u00e1rio.<\/p>\n<h4>Ingredientes<\/h4>\n<p>Tridecyl Trimellitate, Prunus Armeniaca Kernel Oil, Hydrogenated Polyisobutene, Polybutene, Bis-Diglyceryl Polyacyladipate-2, Octyldodecanol, Persea Gratissima Oil, Silica Dimethyl Silylate, Butyrospermum Parkii Butter, Hydrogenated Vegetable Oil, Tribehenin, Tocopheryl Acetate, Parfum, Paraffin, Cera Microcristallina, Ethylene\/Propylene\/Styrene Copolymer, Butylene\/Ethylene\/Styrene Copolymer, Caprylyl Glycol, Phenoxyethanol, Tocopherol, Hexylene Glycol, Sorbitan Oleate, Stearic Acid, Magnesium Hydroxide, Aluminum Hydroxide, BHT, Limonene, Linalool, Carvone, Pinene, Terpineol, CI 77891, CI 15850, CI 19140.<\/p>\n","protected":false},"excerpt":{"rendered":"<p>Um b\u00e1lsamo com uma f\u00f3rmula \u00fanica inspirada na riqueza e suavidade do n\u00e9ctar, enriquecido com \u00f3leo de caro\u00e7o de alperce e \u00f3leo de abacate. Gra\u00e7as \u00e0 sua textura, o b\u00e1lsamo adere delicadamente aos l\u00e1bios, criando uma camada protetora que os nutre intensamente.<br \/>\nA sua fragr\u00e2ncia doce e c\u00edtrica de toranja confere leveza a cada aplica\u00e7\u00e3o, tornando cada momento um pequeno prazer.<br \/>\nO Nectar Novel oferece n\u00e3o s\u00f3 prote\u00e7\u00e3o e cuidado, mas tamb\u00e9m um conforto de longa dura\u00e7\u00e3o que a acompanhar\u00e1 durante todo o dia. \u00c9 um b\u00e1lsamo que vai adorar pela sua efic\u00e1cia e suavidade.<\/p>\n","protected":false},"featured_media":29220,"comment_status":"closed","ping_status":"closed","template":"","meta":[],"product_brand":[],"product_cat":[1157,1478],"product_tag":[1880,1865,1493],"class_list":{"0":"post-31372","1":"product","2":"type-product","3":"status-publish","4":"has-post-thumbnail","6":"product_cat-cuidados-labiais","7":"product_cat-new-2-pt-pt","8":"product_tag-balsamo-de-labios-pt-pt","9":"product_tag-labios-pt-pt","10":"product_tag-new-pt-pt","12":"first","13":"instock","14":"shipping-taxable","15":"purchasable","16":"product-type-simple"},"yoast_head":"<!-- This site is optimized with the Yoast SEO plugin v24.9 - https:\/\/yoast.com\/wordpress\/plugins\/seo\/ -->\n<title>Nectar Novel lip balm - Lovely<\/title>\n<meta name=\"robots\" content=\"index, follow, max-snippet:-1, max-image-preview:large, max-video-preview:-1\" \/>\n<link rel=\"canonical\" href=\"https:\/\/lovelycosmetics.eu\/pt-pt\/producto\/lovely-balsamo-labios-nectar-novel\/\" \/>\n<meta property=\"og:locale\" content=\"pt_PT\" \/>\n<meta property=\"og:type\" content=\"article\" \/>\n<meta property=\"og:title\" content=\"Nectar Novel lip balm - Lovely\" \/>\n<meta property=\"og:description\" content=\"Um b\u00e1lsamo com uma f\u00f3rmula \u00fanica inspirada na riqueza e suavidade do n\u00e9ctar, enriquecido com \u00f3leo de caro\u00e7o de alperce e \u00f3leo de abacate. Gra\u00e7as \u00e0 sua textura, o b\u00e1lsamo adere delicadamente aos l\u00e1bios, criando uma camada protetora que os nutre intensamente. A sua fragr\u00e2ncia doce e c\u00edtrica de toranja confere leveza a cada aplica\u00e7\u00e3o, tornando cada momento um pequeno prazer. O Nectar Novel oferece n\u00e3o s\u00f3 prote\u00e7\u00e3o e cuidado, mas tamb\u00e9m um conforto de longa dura\u00e7\u00e3o que a acompanhar\u00e1 durante todo o dia. \u00c9 um b\u00e1lsamo que vai adorar pela sua efic\u00e1cia e suavidade.\" \/>\n<meta property=\"og:url\" content=\"https:\/\/lovelycosmetics.eu\/pt-pt\/producto\/lovely-balsamo-labios-nectar-novel\/\" \/>\n<meta property=\"og:site_name\" content=\"Lovely\" \/>\n<meta property=\"article:modified_time\" content=\"2025-04-16T11:41:52+00:00\" \/>\n<meta property=\"og:image\" content=\"https:\/\/lovelycosmetics.eu\/wp-content\/uploads\/2025\/04\/5905309914940_1.jpg\" \/>\n\t<meta property=\"og:image:width\" content=\"800\" \/>\n\t<meta property=\"og:image:height\" content=\"800\" \/>\n\t<meta property=\"og:image:type\" content=\"image\/jpeg\" \/>\n<meta name=\"twitter:card\" content=\"summary_large_image\" \/>\n<script type=\"application\/ld+json\" class=\"yoast-schema-graph\">{\"@context\":\"https:\/\/schema.org\",\"@graph\":[{\"@type\":\"WebPage\",\"@id\":\"https:\/\/lovelycosmetics.eu\/pt-pt\/producto\/lovely-balsamo-labios-nectar-novel\/\",\"url\":\"https:\/\/lovelycosmetics.eu\/pt-pt\/producto\/lovely-balsamo-labios-nectar-novel\/\",\"name\":\"Nectar Novel lip balm - Lovely\",\"isPartOf\":{\"@id\":\"https:\/\/lovelycosmetics.eu\/pt-pt\/#website\"},\"primaryImageOfPage\":{\"@id\":\"https:\/\/lovelycosmetics.eu\/pt-pt\/producto\/lovely-balsamo-labios-nectar-novel\/#primaryimage\"},\"image\":{\"@id\":\"https:\/\/lovelycosmetics.eu\/pt-pt\/producto\/lovely-balsamo-labios-nectar-novel\/#primaryimage\"},\"thumbnailUrl\":\"https:\/\/lovelycosmetics.eu\/wp-content\/uploads\/2025\/04\/5905309914940_1.jpg\",\"datePublished\":\"2025-04-15T06:51:19+00:00\",\"dateModified\":\"2025-04-16T11:41:52+00:00\",\"breadcrumb\":{\"@id\":\"https:\/\/lovelycosmetics.eu\/pt-pt\/producto\/lovely-balsamo-labios-nectar-novel\/#breadcrumb\"},\"inLanguage\":\"pt-PT\",\"potentialAction\":[{\"@type\":\"ReadAction\",\"target\":[\"https:\/\/lovelycosmetics.eu\/pt-pt\/producto\/lovely-balsamo-labios-nectar-novel\/\"]}]},{\"@type\":\"ImageObject\",\"inLanguage\":\"pt-PT\",\"@id\":\"https:\/\/lovelycosmetics.eu\/pt-pt\/producto\/lovely-balsamo-labios-nectar-novel\/#primaryimage\",\"url\":\"https:\/\/lovelycosmetics.eu\/wp-content\/uploads\/2025\/04\/5905309914940_1.jpg\",\"contentUrl\":\"https:\/\/lovelycosmetics.eu\/wp-content\/uploads\/2025\/04\/5905309914940_1.jpg\",\"width\":800,\"height\":800},{\"@type\":\"BreadcrumbList\",\"@id\":\"https:\/\/lovelycosmetics.eu\/pt-pt\/producto\/lovely-balsamo-labios-nectar-novel\/#breadcrumb\",\"itemListElement\":[{\"@type\":\"ListItem\",\"position\":1,\"name\":\"Portada\",\"item\":\"https:\/\/lovelycosmetics.eu\/pt-pt\/\"},{\"@type\":\"ListItem\",\"position\":2,\"name\":\"P\u00e1gina de inicio\",\"item\":\"https:\/\/lovelycosmetics.eu\/?page_id=16876\"},{\"@type\":\"ListItem\",\"position\":3,\"name\":\"Nectar Novel lip balm\"}]},{\"@type\":\"WebSite\",\"@id\":\"https:\/\/lovelycosmetics.eu\/pt-pt\/#website\",\"url\":\"https:\/\/lovelycosmetics.eu\/pt-pt\/\",\"name\":\"Lovely\",\"description\":\"Lovely\",\"potentialAction\":[{\"@type\":\"SearchAction\",\"target\":{\"@type\":\"EntryPoint\",\"urlTemplate\":\"https:\/\/lovelycosmetics.eu\/pt-pt\/?s={search_term_string}\"},\"query-input\":{\"@type\":\"PropertyValueSpecification\",\"valueRequired\":true,\"valueName\":\"search_term_string\"}}],\"inLanguage\":\"pt-PT\"}]}<\/script>\n<!-- \/ Yoast SEO plugin. -->","yoast_head_json":{"title":"Nectar Novel lip balm - Lovely","robots":{"index":"index","follow":"follow","max-snippet":"max-snippet:-1","max-image-preview":"max-image-preview:large","max-video-preview":"max-video-preview:-1"},"canonical":"https:\/\/lovelycosmetics.eu\/pt-pt\/producto\/lovely-balsamo-labios-nectar-novel\/","og_locale":"pt_PT","og_type":"article","og_title":"Nectar Novel lip balm - Lovely","og_description":"Um b\u00e1lsamo com uma f\u00f3rmula \u00fanica inspirada na riqueza e suavidade do n\u00e9ctar, enriquecido com \u00f3leo de caro\u00e7o de alperce e \u00f3leo de abacate. Gra\u00e7as \u00e0 sua textura, o b\u00e1lsamo adere delicadamente aos l\u00e1bios, criando uma camada protetora que os nutre intensamente. A sua fragr\u00e2ncia doce e c\u00edtrica de toranja confere leveza a cada aplica\u00e7\u00e3o, tornando cada momento um pequeno prazer. O Nectar Novel oferece n\u00e3o s\u00f3 prote\u00e7\u00e3o e cuidado, mas tamb\u00e9m um conforto de longa dura\u00e7\u00e3o que a acompanhar\u00e1 durante todo o dia. \u00c9 um b\u00e1lsamo que vai adorar pela sua efic\u00e1cia e suavidade.","og_url":"https:\/\/lovelycosmetics.eu\/pt-pt\/producto\/lovely-balsamo-labios-nectar-novel\/","og_site_name":"Lovely","article_modified_time":"2025-04-16T11:41:52+00:00","og_image":[{"width":800,"height":800,"url":"https:\/\/lovelycosmetics.eu\/wp-content\/uploads\/2025\/04\/5905309914940_1.jpg","type":"image\/jpeg"}],"twitter_card":"summary_large_image","schema":{"@context":"https:\/\/schema.org","@graph":[{"@type":"WebPage","@id":"https:\/\/lovelycosmetics.eu\/pt-pt\/producto\/lovely-balsamo-labios-nectar-novel\/","url":"https:\/\/lovelycosmetics.eu\/pt-pt\/producto\/lovely-balsamo-labios-nectar-novel\/","name":"Nectar Novel lip balm - Lovely","isPartOf":{"@id":"https:\/\/lovelycosmetics.eu\/pt-pt\/#website"},"primaryImageOfPage":{"@id":"https:\/\/lovelycosmetics.eu\/pt-pt\/producto\/lovely-balsamo-labios-nectar-novel\/#primaryimage"},"image":{"@id":"https:\/\/lovelycosmetics.eu\/pt-pt\/producto\/lovely-balsamo-labios-nectar-novel\/#primaryimage"},"thumbnailUrl":"https:\/\/lovelycosmetics.eu\/wp-content\/uploads\/2025\/04\/5905309914940_1.jpg","datePublished":"2025-04-15T06:51:19+00:00","dateModified":"2025-04-16T11:41:52+00:00","breadcrumb":{"@id":"https:\/\/lovelycosmetics.eu\/pt-pt\/producto\/lovely-balsamo-labios-nectar-novel\/#breadcrumb"},"inLanguage":"pt-PT","potentialAction":[{"@type":"ReadAction","target":["https:\/\/lovelycosmetics.eu\/pt-pt\/producto\/lovely-balsamo-labios-nectar-novel\/"]}]},{"@type":"ImageObject","inLanguage":"pt-PT","@id":"https:\/\/lovelycosmetics.eu\/pt-pt\/producto\/lovely-balsamo-labios-nectar-novel\/#primaryimage","url":"https:\/\/lovelycosmetics.eu\/wp-content\/uploads\/2025\/04\/5905309914940_1.jpg","contentUrl":"https:\/\/lovelycosmetics.eu\/wp-content\/uploads\/2025\/04\/5905309914940_1.jpg","width":800,"height":800},{"@type":"BreadcrumbList","@id":"https:\/\/lovelycosmetics.eu\/pt-pt\/producto\/lovely-balsamo-labios-nectar-novel\/#breadcrumb","itemListElement":[{"@type":"ListItem","position":1,"name":"Portada","item":"https:\/\/lovelycosmetics.eu\/pt-pt\/"},{"@type":"ListItem","position":2,"name":"P\u00e1gina de inicio","item":"https:\/\/lovelycosmetics.eu\/?page_id=16876"},{"@type":"ListItem","position":3,"name":"Nectar Novel lip balm"}]},{"@type":"WebSite","@id":"https:\/\/lovelycosmetics.eu\/pt-pt\/#website","url":"https:\/\/lovelycosmetics.eu\/pt-pt\/","name":"Lovely","description":"Lovely","potentialAction":[{"@type":"SearchAction","target":{"@type":"EntryPoint","urlTemplate":"https:\/\/lovelycosmetics.eu\/pt-pt\/?s={search_term_string}"},"query-input":{"@type":"PropertyValueSpecification","valueRequired":true,"valueName":"search_term_string"}}],"inLanguage":"pt-PT"}]}},"_links":{"self":[{"href":"https:\/\/lovelycosmetics.eu\/pt-pt\/wp-json\/wp\/v2\/product\/31372","targetHints":{"allow":["GET"]}}],"collection":[{"href":"https:\/\/lovelycosmetics.eu\/pt-pt\/wp-json\/wp\/v2\/product"}],"about":[{"href":"https:\/\/lovelycosmetics.eu\/pt-pt\/wp-json\/wp\/v2\/types\/product"}],"replies":[{"embeddable":true,"href":"https:\/\/lovelycosmetics.eu\/pt-pt\/wp-json\/wp\/v2\/comments?post=31372"}],"wp:featuredmedia":[{"embeddable":true,"href":"https:\/\/lovelycosmetics.eu\/pt-pt\/wp-json\/wp\/v2\/media\/29220"}],"wp:attachment":[{"href":"https:\/\/lovelycosmetics.eu\/pt-pt\/wp-json\/wp\/v2\/media?parent=31372"}],"wp:term":[{"taxonomy":"product_brand","embeddable":true,"href":"https:\/\/lovelycosmetics.eu\/pt-pt\/wp-json\/wp\/v2\/product_brand?post=31372"},{"taxonomy":"product_cat","embeddable":true,"href":"https:\/\/lovelycosmetics.eu\/pt-pt\/wp-json\/wp\/v2\/product_cat?post=31372"},{"taxonomy":"product_tag","embeddable":true,"href":"https:\/\/lovelycosmetics.eu\/pt-pt\/wp-json\/wp\/v2\/product_tag?post=31372"}],"curies":[{"name":"wp","href":"https:\/\/api.w.org\/{rel}","templated":true}]}}