{"id":31373,"date":"2025-04-15T06:51:19","date_gmt":"2025-04-15T06:51:19","guid":{"rendered":"https:\/\/lovelycosmetics.eu\/producto\/lovely-balsamo-labios-sweetest\/"},"modified":"2025-04-16T11:41:52","modified_gmt":"2025-04-16T11:41:52","slug":"lovely-balsamo-labios-sweetest","status":"publish","type":"product","link":"https:\/\/lovelycosmetics.eu\/pt-pt\/producto\/lovely-balsamo-labios-sweetest\/","title":{"rendered":"Sweetest lip balm"},"content":{"rendered":"<h4>Modo de utiliza\u00e7\u00e3o<\/h4>\n<p>Aplicar uniformemente nos l\u00e1bios secos e gretados. Repetir sempre que necess\u00e1rio.<\/p>\n<p>&nbsp;<\/p>\n<h4>Ingredientes<\/h4>\n<p>Prunus Armeniaca Kernel Oil, Polybutene, Hydrogenated Polyisobutene, Bis-Diglyceryl Polyacyladipate-2, Octyldodecanol, Tridecyl Trimellitate, Diisostearyl Dimer Dilinoleate, Persea Gratissima Oil, Tribehenin, Silica Dimethyl Silylate, Synthetic Wax, Butyrospermum Parkii Butter, Tocopheryl Acetate, Parfum, Hydrogenated Vegetable Oil, Lauryl PEG\/PPG-18\/18 Methicone, Cera Microcristallina, Diethylhexyl Syringylidenemalonate, Glycerin, Isostearyl Alcohol, Caprylyl Glycol, Phenoxyethanol, Tocopherol, Caprylic\/Capric Triglyceride, Hexylene Glycol, Sodium Saccharin, Stearic Acid, Sorbitan Oleate, Magnesium Hydroxide, Aluminum Hydroxide, Aqua, Limonene, Linalool, Carvone, Pinene, Terpineol, Beta-Caryophyllene, CI 77891, CI 15850, CI 45410.<\/p>\n","protected":false},"excerpt":{"rendered":"<p>Sweetest Lips \u00e9 um b\u00e1lsamo para os l\u00e1bios que consegue o equil\u00edbrio perfeito entre a regenera\u00e7\u00e3o eficaz da pele delicada dos l\u00e1bios e a satisfa\u00e7\u00e3o est\u00e9tica. A sua f\u00f3rmula rica, enriquecida com manteiga de abacate, manteiga de karit\u00e9 e \u00f3leo de caro\u00e7o de alperce, nutre intensamente, restaurando a suavidade e o aspeto saud\u00e1vel dos l\u00e1bios.<br \/>\nO b\u00e1lsamo envolve os l\u00e1bios numa n\u00e9voa aveludada, protegendo-os contra a secura e os factores externos. A sua fragr\u00e2ncia \u00fanica, refrescante e doce far\u00e1 com que queira aplic\u00e1-lo uma e outra vez.<br \/>\nSweetest Lips \u00e9 o companheiro perfeito para todos os momentos, cuidando dos seus l\u00e1bios com ternura e aten\u00e7\u00e3o. \u00c9 a escolha ideal para quem procura um cuidado eficaz numa forma leve e visualmente apelativa que mima n\u00e3o s\u00f3 a pele, mas tamb\u00e9m os sentidos.<\/p>\n","protected":false},"featured_media":31266,"comment_status":"closed","ping_status":"closed","template":"","meta":[],"product_brand":[],"product_cat":[1157,1478],"product_tag":[1880,1865,1493],"class_list":{"0":"post-31373","1":"product","2":"type-product","3":"status-publish","4":"has-post-thumbnail","6":"product_cat-cuidados-labiais","7":"product_cat-new-2-pt-pt","8":"product_tag-balsamo-de-labios-pt-pt","9":"product_tag-labios-pt-pt","10":"product_tag-new-pt-pt","12":"first","13":"instock","14":"shipping-taxable","15":"purchasable","16":"product-type-simple"},"yoast_head":"<!-- This site is optimized with the Yoast SEO plugin v24.9 - https:\/\/yoast.com\/wordpress\/plugins\/seo\/ -->\n<title>Sweetest lip balm - Lovely<\/title>\n<meta name=\"robots\" content=\"index, follow, max-snippet:-1, max-image-preview:large, max-video-preview:-1\" \/>\n<link rel=\"canonical\" href=\"https:\/\/lovelycosmetics.eu\/pt-pt\/producto\/lovely-balsamo-labios-sweetest\/\" \/>\n<meta property=\"og:locale\" content=\"pt_PT\" \/>\n<meta property=\"og:type\" content=\"article\" \/>\n<meta property=\"og:title\" content=\"Sweetest lip balm - Lovely\" \/>\n<meta property=\"og:description\" content=\"Sweetest Lips \u00e9 um b\u00e1lsamo para os l\u00e1bios que consegue o equil\u00edbrio perfeito entre a regenera\u00e7\u00e3o eficaz da pele delicada dos l\u00e1bios e a satisfa\u00e7\u00e3o est\u00e9tica. A sua f\u00f3rmula rica, enriquecida com manteiga de abacate, manteiga de karit\u00e9 e \u00f3leo de caro\u00e7o de alperce, nutre intensamente, restaurando a suavidade e o aspeto saud\u00e1vel dos l\u00e1bios. O b\u00e1lsamo envolve os l\u00e1bios numa n\u00e9voa aveludada, protegendo-os contra a secura e os factores externos. A sua fragr\u00e2ncia \u00fanica, refrescante e doce far\u00e1 com que queira aplic\u00e1-lo uma e outra vez. Sweetest Lips \u00e9 o companheiro perfeito para todos os momentos, cuidando dos seus l\u00e1bios com ternura e aten\u00e7\u00e3o. \u00c9 a escolha ideal para quem procura um cuidado eficaz numa forma leve e visualmente apelativa que mima n\u00e3o s\u00f3 a pele, mas tamb\u00e9m os sentidos.\" \/>\n<meta property=\"og:url\" content=\"https:\/\/lovelycosmetics.eu\/pt-pt\/producto\/lovely-balsamo-labios-sweetest\/\" \/>\n<meta property=\"og:site_name\" content=\"Lovely\" \/>\n<meta property=\"article:modified_time\" content=\"2025-04-16T11:41:52+00:00\" \/>\n<meta property=\"og:image\" content=\"https:\/\/lovelycosmetics.eu\/wp-content\/uploads\/2025\/04\/5905309914957_1b.jpg\" \/>\n\t<meta property=\"og:image:width\" content=\"800\" \/>\n\t<meta property=\"og:image:height\" content=\"800\" \/>\n\t<meta property=\"og:image:type\" content=\"image\/jpeg\" \/>\n<meta name=\"twitter:card\" content=\"summary_large_image\" \/>\n<meta name=\"twitter:label1\" content=\"Tempo estimado de leitura\" \/>\n\t<meta name=\"twitter:data1\" content=\"1 minuto\" \/>\n<script type=\"application\/ld+json\" class=\"yoast-schema-graph\">{\"@context\":\"https:\/\/schema.org\",\"@graph\":[{\"@type\":\"WebPage\",\"@id\":\"https:\/\/lovelycosmetics.eu\/pt-pt\/producto\/lovely-balsamo-labios-sweetest\/\",\"url\":\"https:\/\/lovelycosmetics.eu\/pt-pt\/producto\/lovely-balsamo-labios-sweetest\/\",\"name\":\"Sweetest lip balm - Lovely\",\"isPartOf\":{\"@id\":\"https:\/\/lovelycosmetics.eu\/pt-pt\/#website\"},\"primaryImageOfPage\":{\"@id\":\"https:\/\/lovelycosmetics.eu\/pt-pt\/producto\/lovely-balsamo-labios-sweetest\/#primaryimage\"},\"image\":{\"@id\":\"https:\/\/lovelycosmetics.eu\/pt-pt\/producto\/lovely-balsamo-labios-sweetest\/#primaryimage\"},\"thumbnailUrl\":\"https:\/\/lovelycosmetics.eu\/wp-content\/uploads\/2025\/04\/5905309914957_1b.jpg\",\"datePublished\":\"2025-04-15T06:51:19+00:00\",\"dateModified\":\"2025-04-16T11:41:52+00:00\",\"breadcrumb\":{\"@id\":\"https:\/\/lovelycosmetics.eu\/pt-pt\/producto\/lovely-balsamo-labios-sweetest\/#breadcrumb\"},\"inLanguage\":\"pt-PT\",\"potentialAction\":[{\"@type\":\"ReadAction\",\"target\":[\"https:\/\/lovelycosmetics.eu\/pt-pt\/producto\/lovely-balsamo-labios-sweetest\/\"]}]},{\"@type\":\"ImageObject\",\"inLanguage\":\"pt-PT\",\"@id\":\"https:\/\/lovelycosmetics.eu\/pt-pt\/producto\/lovely-balsamo-labios-sweetest\/#primaryimage\",\"url\":\"https:\/\/lovelycosmetics.eu\/wp-content\/uploads\/2025\/04\/5905309914957_1b.jpg\",\"contentUrl\":\"https:\/\/lovelycosmetics.eu\/wp-content\/uploads\/2025\/04\/5905309914957_1b.jpg\",\"width\":800,\"height\":800,\"caption\":\"Sweetest lips\"},{\"@type\":\"BreadcrumbList\",\"@id\":\"https:\/\/lovelycosmetics.eu\/pt-pt\/producto\/lovely-balsamo-labios-sweetest\/#breadcrumb\",\"itemListElement\":[{\"@type\":\"ListItem\",\"position\":1,\"name\":\"Portada\",\"item\":\"https:\/\/lovelycosmetics.eu\/pt-pt\/\"},{\"@type\":\"ListItem\",\"position\":2,\"name\":\"P\u00e1gina de inicio\",\"item\":\"https:\/\/lovelycosmetics.eu\/?page_id=16876\"},{\"@type\":\"ListItem\",\"position\":3,\"name\":\"Sweetest lip balm\"}]},{\"@type\":\"WebSite\",\"@id\":\"https:\/\/lovelycosmetics.eu\/pt-pt\/#website\",\"url\":\"https:\/\/lovelycosmetics.eu\/pt-pt\/\",\"name\":\"Lovely\",\"description\":\"Lovely\",\"potentialAction\":[{\"@type\":\"SearchAction\",\"target\":{\"@type\":\"EntryPoint\",\"urlTemplate\":\"https:\/\/lovelycosmetics.eu\/pt-pt\/?s={search_term_string}\"},\"query-input\":{\"@type\":\"PropertyValueSpecification\",\"valueRequired\":true,\"valueName\":\"search_term_string\"}}],\"inLanguage\":\"pt-PT\"}]}<\/script>\n<!-- \/ Yoast SEO plugin. -->","yoast_head_json":{"title":"Sweetest lip balm - Lovely","robots":{"index":"index","follow":"follow","max-snippet":"max-snippet:-1","max-image-preview":"max-image-preview:large","max-video-preview":"max-video-preview:-1"},"canonical":"https:\/\/lovelycosmetics.eu\/pt-pt\/producto\/lovely-balsamo-labios-sweetest\/","og_locale":"pt_PT","og_type":"article","og_title":"Sweetest lip balm - Lovely","og_description":"Sweetest Lips \u00e9 um b\u00e1lsamo para os l\u00e1bios que consegue o equil\u00edbrio perfeito entre a regenera\u00e7\u00e3o eficaz da pele delicada dos l\u00e1bios e a satisfa\u00e7\u00e3o est\u00e9tica. A sua f\u00f3rmula rica, enriquecida com manteiga de abacate, manteiga de karit\u00e9 e \u00f3leo de caro\u00e7o de alperce, nutre intensamente, restaurando a suavidade e o aspeto saud\u00e1vel dos l\u00e1bios. O b\u00e1lsamo envolve os l\u00e1bios numa n\u00e9voa aveludada, protegendo-os contra a secura e os factores externos. A sua fragr\u00e2ncia \u00fanica, refrescante e doce far\u00e1 com que queira aplic\u00e1-lo uma e outra vez. Sweetest Lips \u00e9 o companheiro perfeito para todos os momentos, cuidando dos seus l\u00e1bios com ternura e aten\u00e7\u00e3o. \u00c9 a escolha ideal para quem procura um cuidado eficaz numa forma leve e visualmente apelativa que mima n\u00e3o s\u00f3 a pele, mas tamb\u00e9m os sentidos.","og_url":"https:\/\/lovelycosmetics.eu\/pt-pt\/producto\/lovely-balsamo-labios-sweetest\/","og_site_name":"Lovely","article_modified_time":"2025-04-16T11:41:52+00:00","og_image":[{"width":800,"height":800,"url":"https:\/\/lovelycosmetics.eu\/wp-content\/uploads\/2025\/04\/5905309914957_1b.jpg","type":"image\/jpeg"}],"twitter_card":"summary_large_image","twitter_misc":{"Tempo estimado de leitura":"1 minuto"},"schema":{"@context":"https:\/\/schema.org","@graph":[{"@type":"WebPage","@id":"https:\/\/lovelycosmetics.eu\/pt-pt\/producto\/lovely-balsamo-labios-sweetest\/","url":"https:\/\/lovelycosmetics.eu\/pt-pt\/producto\/lovely-balsamo-labios-sweetest\/","name":"Sweetest lip balm - Lovely","isPartOf":{"@id":"https:\/\/lovelycosmetics.eu\/pt-pt\/#website"},"primaryImageOfPage":{"@id":"https:\/\/lovelycosmetics.eu\/pt-pt\/producto\/lovely-balsamo-labios-sweetest\/#primaryimage"},"image":{"@id":"https:\/\/lovelycosmetics.eu\/pt-pt\/producto\/lovely-balsamo-labios-sweetest\/#primaryimage"},"thumbnailUrl":"https:\/\/lovelycosmetics.eu\/wp-content\/uploads\/2025\/04\/5905309914957_1b.jpg","datePublished":"2025-04-15T06:51:19+00:00","dateModified":"2025-04-16T11:41:52+00:00","breadcrumb":{"@id":"https:\/\/lovelycosmetics.eu\/pt-pt\/producto\/lovely-balsamo-labios-sweetest\/#breadcrumb"},"inLanguage":"pt-PT","potentialAction":[{"@type":"ReadAction","target":["https:\/\/lovelycosmetics.eu\/pt-pt\/producto\/lovely-balsamo-labios-sweetest\/"]}]},{"@type":"ImageObject","inLanguage":"pt-PT","@id":"https:\/\/lovelycosmetics.eu\/pt-pt\/producto\/lovely-balsamo-labios-sweetest\/#primaryimage","url":"https:\/\/lovelycosmetics.eu\/wp-content\/uploads\/2025\/04\/5905309914957_1b.jpg","contentUrl":"https:\/\/lovelycosmetics.eu\/wp-content\/uploads\/2025\/04\/5905309914957_1b.jpg","width":800,"height":800,"caption":"Sweetest lips"},{"@type":"BreadcrumbList","@id":"https:\/\/lovelycosmetics.eu\/pt-pt\/producto\/lovely-balsamo-labios-sweetest\/#breadcrumb","itemListElement":[{"@type":"ListItem","position":1,"name":"Portada","item":"https:\/\/lovelycosmetics.eu\/pt-pt\/"},{"@type":"ListItem","position":2,"name":"P\u00e1gina de inicio","item":"https:\/\/lovelycosmetics.eu\/?page_id=16876"},{"@type":"ListItem","position":3,"name":"Sweetest lip balm"}]},{"@type":"WebSite","@id":"https:\/\/lovelycosmetics.eu\/pt-pt\/#website","url":"https:\/\/lovelycosmetics.eu\/pt-pt\/","name":"Lovely","description":"Lovely","potentialAction":[{"@type":"SearchAction","target":{"@type":"EntryPoint","urlTemplate":"https:\/\/lovelycosmetics.eu\/pt-pt\/?s={search_term_string}"},"query-input":{"@type":"PropertyValueSpecification","valueRequired":true,"valueName":"search_term_string"}}],"inLanguage":"pt-PT"}]}},"_links":{"self":[{"href":"https:\/\/lovelycosmetics.eu\/pt-pt\/wp-json\/wp\/v2\/product\/31373","targetHints":{"allow":["GET"]}}],"collection":[{"href":"https:\/\/lovelycosmetics.eu\/pt-pt\/wp-json\/wp\/v2\/product"}],"about":[{"href":"https:\/\/lovelycosmetics.eu\/pt-pt\/wp-json\/wp\/v2\/types\/product"}],"replies":[{"embeddable":true,"href":"https:\/\/lovelycosmetics.eu\/pt-pt\/wp-json\/wp\/v2\/comments?post=31373"}],"wp:featuredmedia":[{"embeddable":true,"href":"https:\/\/lovelycosmetics.eu\/pt-pt\/wp-json\/wp\/v2\/media\/31266"}],"wp:attachment":[{"href":"https:\/\/lovelycosmetics.eu\/pt-pt\/wp-json\/wp\/v2\/media?parent=31373"}],"wp:term":[{"taxonomy":"product_brand","embeddable":true,"href":"https:\/\/lovelycosmetics.eu\/pt-pt\/wp-json\/wp\/v2\/product_brand?post=31373"},{"taxonomy":"product_cat","embeddable":true,"href":"https:\/\/lovelycosmetics.eu\/pt-pt\/wp-json\/wp\/v2\/product_cat?post=31373"},{"taxonomy":"product_tag","embeddable":true,"href":"https:\/\/lovelycosmetics.eu\/pt-pt\/wp-json\/wp\/v2\/product_tag?post=31373"}],"curies":[{"name":"wp","href":"https:\/\/api.w.org\/{rel}","templated":true}]}}